{"id":180,"date":"2022-06-15T14:59:09","date_gmt":"2022-06-15T12:59:09","guid":{"rendered":"https:\/\/elitagym.pl\/?page_id=180"},"modified":"2022-06-15T15:00:44","modified_gmt":"2022-06-15T13:00:44","slug":"regulamin-elita-gym","status":"publish","type":"page","link":"https:\/\/elitagym.pl\/index.php\/regulamin-elita-gym\/","title":{"rendered":"Regulamin Elita GYM"},"content":{"rendered":"\n<p>Regulamin Fitness Club i si\u0142ownia (dalej Club)<\/p>\n\n\n\n<p>\u00a71 Postanowienia og\u00f3lne<\/p>\n\n\n\n<ol class=\"wp-block-list\"><li>W\u0142a\u015bciciel Clubu o\u015bwiadcza, \u017ce przestrzega wszelkich wymaganych zasad ochrony danych<br>osobowych Klient\u00f3w. Klient wyra\u017ca zgod\u0119 na gromadzenie, przechowywanie i<br>przetwarzanie przez W\u0142a\u015bciciela danych osobowych wy\u0142\u0105cznie w celu bezpo\u015brednio<br>zwi\u0105zanym z realizacj\u0105 zam\u00f3wionej Us\u0142ugi\/Towaru. Szczeg\u00f3\u0142owe warunki gromadzenia,<br>przetwarzania oraz ochrony danych osobowych przez W\u0142a\u015bciciela Clubu okre\u015blone zosta\u0142y<br>w \u201ePolityce prywatno\u015bci\u201d.<\/li><li>Fitness Club i si\u0142ownia jest otwarta w systemie 24 h na dob\u0119 (ca\u0142odobowo).<\/li><li>W zaj\u0119ciach mog\u0105 bra\u0107 udzia\u0142 osoby, kt\u00f3re uko\u0144czy\u0142y 15 rok \u017cycia i posiadaj\u0105 wa\u017cny karnet<br>lub wnios\u0142y jednorazow\u0105 op\u0142at\u0119 za zaj\u0119cia.<\/li><li>Osoby bior\u0105ce udzia\u0142 w zaj\u0119ciach o\u015bwiadczaj\u0105, \u017ce nie maj\u0105 przeciwwskaza\u0144 zdrowotnych<br>do wykonywania \u0107wicze\u0144 i uczestnicz\u0105 w zaj\u0119ciach na w\u0142asn\u0105 odpowiedzialno\u015b\u0107. Fitness<br>klub nie odpowiada za kontuzje uczestnik\u00f3w zaj\u0119\u0107.<\/li><li>W przypadku z\u0142ego samopoczucia, urazu, kontuzji, wszelkich powa\u017cnych problem\u00f3w<br>zdrowotnych oraz ci\u0105\u017cy \u2013 nale\u017cy poinformowa\u0107 o tym instruktora lub recepcje przed<br>zaj\u0119ciami w przeciwnym wypadku nie odpowiadamy za ewentualne konsekwencje.<\/li><li>Przeciwwskazania do korzystania z Fitroll, VacuActiv, VibroPlate: choroby serca, cukrzyca,<br>epilepsja, ci\u0105\u017ca, choroby kr\u0105\u017cenia, menstruacja, ci\u0119\u017ckie choroby reumatyczne, \u017cylaki,<br>choroby sk\u00f3ry, choroby nowotworowe, gor\u0105czka, padaczka, wszelkie stany zapalne, nie<br>wyr\u00f3wnane i nie leczone nadci\u015bnienie, sztuczny rozrusznik serca, choroby kr\u0119gos\u0142upa, guzy,<br>zakrzepica, protezy i implanty stawu biodrowego.<\/li><li>Przed wej\u015bciem na sal\u0119 ka\u017cdy uczestnik zobowi\u0105zany jest do zmiany obuwia na<br>przeznaczone do \u0107wicze\u0144 (innego ni\u017c to, w kt\u00f3rym przysz\u0142o si\u0119 do klubu \u2013 nawet w okresie<br>letnim).<\/li><li>Karnet miesi\u0119czny ma okre\u015blony termin wa\u017cno\u015bci (np. od 15 maja do 14 czerwca). Nale\u017cy<br>przestrzega\u0107 wa\u017cno\u015bci karnetu. Karnet, kt\u00f3ry straci\u0142 wa\u017cno\u015b\u0107 nie b\u0119dzie honorowany.<\/li><li>Klub nie zwraca pieni\u0119dzy za zakupiony karnet oraz nie wydaje duplikat\u00f3w karnet\u00f3w.<\/li><li>Wykupiony karnet jest imienny i nie mo\u017ce by\u0107 wykorzystany przez osoby trzecie.<\/li><li>Klub nie ponosi odpowiedzialno\u015bci za prywatne rzeczy pozostawione w fitness klubie bez<br>opieki.<\/li><li>Podczas zaj\u0119\u0107 z u\u017cyciem mat, zalecamy u\u017cywanie w\u0142asnych r\u0119cznik\u00f3w.<\/li><li>Do sterowania klimatyzacj\u0105 itp. uprawnieni s\u0105 tylko pracownicy fitness klubu.<\/li><li>P\u0142atno\u015bci za karnet\/zaj\u0119cia \u2013 dokonuje si\u0119 tylko got\u00f3wk\u0105 wed\u0142ug aktualnego cennika.<\/li><li>Zakupuj\u0105c wej\u015bci\u00f3wk\u0119 lub karnet klient o\u015bwiadcza, \u017ce jego stan zdrowia pozwala na<br>korzystanie z pe\u0142nej oferty us\u0142ugowej fitness klubu.<\/li><li>Pracownicy fitness klubu sprawuj\u0105 nadz\u00f3r nad przestrzeganiem regulaminu. Wszelkie skargi<br>i wnioski nale\u017cy zg\u0142asza\u0107 bezpo\u015brednio do recepcji klubu.<\/li><li>Administrator danych stosuje odpowiednie \u015brodki techniczne i organizacyjne zapewniaj\u0105ce<br>ochron\u0119 danych osobowych miarodajnie do zagro\u017ce\u0144 oraz kategorii danych obj\u0119tych<br>ochron\u0105. Przede wszystkim chroni dane przed ich udost\u0119pnieniem, zabraniem,<br>przetwarzaniem, utrat\u0105, zmian\u0105 uszkodzeniem lub zniszczeniem przez osoby do tego<br>nieuprawnione. Szczeg\u00f3\u0142owy zakres ochrony uregulowany zosta\u0142 zgodnie z wymaganiami w<br>polityce Ochrony Danych osobowych (polityka bezpiecze\u0144stwa, regulamin ochrony danych<br>osobowych, instrukcja zarz\u0105dzania systemem informatycznym).<\/li><li>Ka\u017cdej osobie czyje dane s\u0105 przetwarzane przys\u0142uguje prawo do:<br>a) nadzorowania i kontroli przetwarzania danych osobowych, dla kt\u00f3rych W\u0142a\u015bciciel<br>prowadzi zbi\u00f3r danych klient\u00f3w w\/w sklepu;<br>b) uzyskania wyczerpuj\u0105cej informacji, czy taki zbi\u00f3r istnieje i jest prowadzony przez<br>W\u0142a\u015bciciela;<br>c) ustalenia kto jest administratorem danych, ustalenia jego adresu, siedziby, nazwy, w<br>sytuacji gdy administratorem jest osoba fizyczna do ustalenia jej imienia i nazwiska<br>oraz miejsca zamieszkania;<br>d) uzyskania informacji o celu, zakresie, sposobie, czasie przetwarzania danych zawartych<br>w takim zbiorze;<br>e) uzyskania informacji w powszechnie zrozumia\u0142ej formie tre\u015bci tych danych;<br>f) poznania \u017ar\u00f3d\u0142a, z kt\u00f3rego pochodz\u0105 dane, kt\u00f3re jej dotycz\u0105, chyba \u017ce administrator<br>danych jest zobowi\u0105zany do zachowania w tym zakresie w tajemnicy informacji<br>niejawnych lub zachowania tajemnicy zawodowej;<br>g) \u017c\u0105dania uzupe\u0142nienia, uaktualnienia, sprostowania danych osobowych, czasowego<br>zawieszenia lub ich usuni\u0119cia, je\u017celi s\u0105 one niekompletne, nieaktualne, nieprawdziwe<br>lub zosta\u0142y zebrane z naruszeniem ustawy albo s\u0105 ju\u017c zb\u0119dne do realizacji celu, dla<br>kt\u00f3rego zosta\u0142y zebrane.<\/li><li>Klientowi zgodnie z punktem 17 przys\u0142uguje prawo wgl\u0105du w&nbsp;tre\u015b\u0107 przetwarzanych danych<br>osobowych, ich poprawiania, a&nbsp;tak\u017ce \u017c\u0105dania usuni\u0119cia tych danych. Administrator danych<br>osobowych jest obowi\u0105zany, do uzupe\u0142nienia, uaktualnienia, sprostowania danych,<br>czasowego lub sta\u0142ego wstrzymania przetwarzania lub ich usuni\u0119cia ze zbioru na bie\u017c\u0105co i<br>od razu po zg\u0142oszeniu, chyba \u017ce \u017c\u0105danie dotyczy danych osobowych, co do kt\u00f3rych tryb ich<br>uzupe\u0142nienia, uaktualnienia lub sprostowania okre\u015blaj\u0105 odr\u0119bne przepisy prawa w tym<br>ustawy.<\/li><\/ol>\n\n\n\n<p>\u00a72 Warunki \u015bwiadczenia us\u0142ug<\/p>\n\n\n\n<ol class=\"wp-block-list\"><li>Ka\u017cdy z Klient\u00f3w\/Klubowicz\u00f3w przyst\u0119puje do \u0107wicze\u0144 na w\u0142asn\u0105 odpowiedzialno\u015b\u0107. W<br>celu uzyskania informacji dotycz\u0105cych mo\u017cliwo\u015bci wykonywania \u0107wicze\u0144 fizycznych oraz<br>braku istnienia jakichkolwiek przeciwskaza\u0144 do ucz\u0119szczania do Clubu, Klient powinien<br>wykonywa\u0107 odpowiednie badania lekarskie oraz zasi\u0119gn\u0105\u0107 opinii lekarza. Club nie ponosi<br>odpowiedzialno\u015bci w szczeg\u00f3lno\u015bci za wszelkie urazy lub choroby, kt\u00f3re s\u0105 skutkiem<br>niew\u0142a\u015bciwie wykonywanych \u0107wicze\u0144 przez Klubowicza.<\/li><li>Do prowadzenia trening\u00f3w personalnych w Clubie uprawnieni s\u0105 wy\u0142\u0105cznie trenerzy<br>personalni Clubu.<\/li><li>Z trening\u00f3w personalnych mo\u017ce korzysta\u0107 tylko osoba, kt\u00f3ra jest aktywnym Klubowiczem<br>Klientem.<\/li><li>Integraln\u0105 cz\u0119\u015bci\u0105 Treningu jest wst\u0119pna konsultacja, kt\u00f3ra ma charakter wywiadu,<\/li><\/ol>\n\n\n\n<p>przeprowadzanego w celu zebrania informacji o aktualnym stanie zdrowia<br>Klubowicza\/Klienta, zainteresowanego zakupem us\u0142ugi Treningu.<\/p>\n\n\n\n<ol class=\"wp-block-list\" start=\"5\"><li>Klubowicz\/Klient ma obowi\u0105zek poda\u0107 prawdziwe i maksymalnie wyczerpuj\u0105ce informacje<br>na temat swojego stanu zdrowia. Trenerzy Personalni oraz Club nie bior\u0105 odpowiedzialno\u015bci<br>za ewentualne szkody lub urazy, kt\u00f3rych mo\u017ce dozna\u0107 Klient, a kt\u00f3re s\u0105 wynikiem zatajenia<br>przez niego informacji o przeciwskazaniach zdrowotnych.<\/li><li>Trener Fitness po przeprowadzeniu konsultacji wst\u0119pnej ma prawo odm\u00f3wi\u0107 wykonania<br>us\u0142ugi, je\u017celi w jego opinii istniej\u0105 przeciwskazania do podejmowania przez Klienta<br>aktywno\u015bci fizycznej lub zaobserwowane dysfunkcje nie mieszcz\u0105 si\u0119 w jego<br>kompetencjach i kwalifikacjach trenerskich.<\/li><li>Klient mo\u017ce odwo\u0142a\u0107 um\u00f3wiony trening personalny na min. 24 godziny przed jego<br>rozpocz\u0119ciem, informuj\u0105c o tym trenera przez SMS. Trening odwo\u0142any mniej ni\u017c 24<br>godziny przed jego rozpocz\u0119ciem, uznaje si\u0119 za realizowany i jego r\u00f3wnowarto\u015b\u0107 nie zostaje<br>zwracana.<\/li><li>W przypadku rozwi\u0105zania umowy przez Club z trenerem, u kt\u00f3rego Klient ma wykupione<br>treningi personalne, Club zobowi\u0105zuje si\u0119 zapewni\u0107 Klubowiczowi\/Klientowi zrealizowanie<br>wykupionych sesji treningowych u innego Trenera.<\/li><li>Klubowicz\/Klient nie mo\u017ce prowadzi\u0107 dzia\u0142alno\u015bci gospodarczej w Clubie. W szczeg\u00f3lno\u015bci<br>zabroniona jest sprzeda\u017c trening\u00f3w personalnych oraz ich prowadzenie w Clubie. W<br>przypadku stwierdzenia naruszenia tego zakazu Club ma prawo do obci\u0105\u017cenia Klienta kar\u0105<br>w wysoko\u015bci 500 PLN oraz mo\u017ce rozwi\u0105za\u0107 umow\u0119 w trybie natychmiastowym bez zwrotu<br>jakichkolwiek nale\u017cno\u015bci.<\/li><li>Z pomieszcze\u0144 i urz\u0105dze\u0144 Clubu Klient powinien korzysta\u0107 zgodnie z ich przeznaczeniem i<br>w spos\u00f3b wskazany przez osoby zarz\u0105dzaj\u0105ce Clubem lub wynikaj\u0105cy ze stosownych<br>instrukcji b\u0105d\u017a informacji. Osoby zarz\u0105dzaj\u0105ce Clubem oraz pracownicy Clubu mog\u0105<br>poprosi\u0107 Klienta o opuszczenie obiektu, w przypadku:<br>a) gdy zachowanie zagra\u017ca bezpiecze\u0144stwu innych Klinet\u00f3w oraz porz\u0105dkowi w Clubie,<br>b) nieprzestrzegania polece\u0144 wydawanych przez pracownik\u00f3w Clubu,<br>c) nieprzestrzegania zasad obs\u0142ugi i instrukcji sprz\u0119tu znajduj\u0105cego si\u0119 w obiekcie, w<br>szczeg\u00f3lno\u015bci, gdy zachowanie Klienta grozi uszkodzeniem sprz\u0119tu, gdy zachowanie<br>Klubowicza jest sprzeczne z postanowieniami niniejszego Regulaminu Clubu.<\/li><li>Klubowicz\/Klient ponosi materialn\u0105 odpowiedzialno\u015b\u0107 za uszkodzenie lub zniszczenie<br>pomieszcze\u0144, urz\u0105dze\u0144 lub sprz\u0119tu nale\u017c\u0105cego do Clubu, a tak\u017ce za szkody wyrz\u0105dzone<br>przez Klienta osobom trzecim<\/li><\/ol>\n\n\n\n<p>\u00a73 Korzystanie z Clubu<\/p>\n\n\n\n<ol class=\"wp-block-list\"><li>Sprz\u0119t musi by\u0107 wykorzystywany tylko do \u0107wicze\u0144, do kt\u00f3rych jest przeznaczony.<\/li><li>Hantle musz\u0105 by\u0107 odk\u0142adane na stojak. Nie wolno rzuca\u0107 hantli z wysoko\u015bci. Ka\u017cde<br>urz\u0105dzenie po jego u\u017cyciu powinno by\u0107 od\u0142o\u017cone na swoje miejsce.<\/li><li>Urz\u0105dzenia\/hantle\/maszyny w trakcie przerwy mi\u0119dzy \u0107wiczeniami, udost\u0119pnia si\u0119 innym<br>Klubowiczom tak, aby mieli do nich swobodny dost\u0119p.<\/li><li>Maszyny nale\u017cy oczy\u015bci\u0107\/zdezynfekowa\u0107 po ich u\u017cyciu za pomoc\u0105 p\u0142ynu i r\u0119cznik\u00f3w<br>papierowych dost\u0119pnych w Clubie.<\/li><li>Wszelkie usterki i uszkodzenia sprz\u0119tu powinny by\u0107 niezw\u0142ocznie zg\u0142oszone pracownikom<br>Clubu.<\/li><li>Klient w trakcie treningu powinien by\u0107 ubrany w odzie\u017c treningow\u0105 oraz czyste obuwie<br>sportowe zakrywaj\u0105ce palce i pi\u0119ty. Trening w obuwiu u\u017cywanym na zewn\u0105trz, na boso lub<br>w sanda\u0142ach, klapkach albo skarpetkach, w ubraniu roboczym albo w jeansach jest<br>zabroniony.<\/li><li>Nie wolno przebywa\u0107 w Clubie w odzie\u017cy z elementami powi\u0105zanymi z organizacjami o<\/li><\/ol>\n\n\n\n<p>charakterze nacjonalistycznym, nazistowskim, obra\u017caj\u0105cym, wulgarnym, naruszaj\u0105cym<br>moralno\u015b\u0107 i obyczajno\u015b\u0107 lub komunistycznym oraz organizacjami nawo\u0142uj\u0105cymi do agresji i<br>przemocy.<\/p>\n\n\n\n<ol class=\"wp-block-list\" start=\"8\"><li>Karta cz\u0142onkowska ma form\u0119 karty magnetycznej umo\u017cliwiaj\u0105cej wej\u015bcie do Clubu. W<br>przypadku zgubienia karty magnetycznej, Klient powinien poinformowa\u0107 o tym<br>niezw\u0142ocznie pracownika Clubu. Wyrobienie nowej karty magnetycznej nast\u0105pi po<br>weryfikacji danych osobowych i numeru Klienta oraz uiszczeniu op\u0142aty za wyrobienie<br>duplikatu zgodnie z cennikiem na zasadach okre\u015blonych w Regulaminie.<\/li><li>Klubowicz\/Klient okazuje kart\u0119 cz\u0142onkowsk\u0105 (karnet) przy ka\u017cdorazowym wej\u015bciu do<br>Clubu.<\/li><li>Udost\u0119pnienie karnetu osobom trzecim jest niedozwolone i b\u0119dzie skutkowa\u0142o na\u0142o\u017ceniem<br>na Klubowicza kary zgodnie z postanowieniami Regulaminu.<\/li><li>Trenowanie bez karty wi\u0105\u017ce si\u0119 z na\u0142o\u017ceniem dodatkowej op\u0142aty okre\u015blonej w cenniku<br>zgodnie z postanowieniami Regulaminu.<\/li><li>Zaj\u0119cia grupowe w Klubie prowadzone s\u0105 wy\u0142\u0105cznie przez instruktor\u00f3w wsp\u00f3\u0142pracuj\u0105cych z<br>Clubem. Klubowicze uczestnicz\u0105 w zaj\u0119ciach dobrowolnie, na w\u0142asn\u0105 odpowiedzialno\u015b\u0107.<\/li><li>Na zaj\u0119cia grupowe obowi\u0105zuje wcze\u015bniejszy zapis.<\/li><li>Liczba os\u00f3b, kt\u00f3re mog\u0105 uczestniczy\u0107 w zaj\u0119ciach jest ograniczona. Liczba os\u00f3b, kt\u00f3re<br>mog\u0105 uczestniczy\u0107 w zaj\u0119ciach jest uzale\u017cniona od mo\u017cliwo\u015bci lokalowych oraz specyfiki<br>zaj\u0119\u0107.<\/li><li>Zaj\u0119cia grupowe nie odbywaj\u0105 si\u0119, je\u015bli liczba os\u00f3b zapisanych na te zaj\u0119cia co najmniej 2<br>godziny przed ich rozpocz\u0119ciem jest mniejsza ni\u017c 5.<\/li><li>Klub ma prawo do zmiany grafik\u00f3w bez informowania o tej zmianie<br>Klubowicz\u00f3w\/Klient\u00f3w.<\/li><\/ol>\n\n\n\n<p>\u00a74 Post\u0119powanie reklamacyjne<\/p>\n\n\n\n<ol class=\"wp-block-list\"><li>Dla prawid\u0142owego z\u0142o\u017cenia reklamacji Klient powinien poda\u0107 swoje dane takie jak: imi\u0119 i<br>nazwisko lub nazw\u0119 firmy, adres zamieszkania lub adres siedziby firmy oraz adres poczty<br>elektronicznej, przedmiot reklamacji, w miar\u0119 mo\u017cliwo\u015bci numer zam\u00f3wienia wraz ze<br>wskazaniem okresu czasu, kt\u00f3rego dotyczy reklamacja oraz okoliczno\u015bci uzasadniaj\u0105ce<br>z\u0142o\u017cenie reklamacji (opis na czym ona polega) ewentualnie jakich cech Towar\/us\u0142uga<br>zamawiana nie posiada, a wed\u0142ug zapewnie\u0144 W\u0142a\u015bciciela Clubu lub wed\u0142ug sposobu<br>przedstawienia go Klientowi mia\u0142 posiada\u0107.<\/li><li>Je\u017celi Klientem jest Konsument, mo\u017ce za\u017c\u0105da\u0107 wymiany Towaru na taki, kt\u00f3ry jest wolny<br>od wad zamiast zaproponowanego przez Sprzedawc\u0119, usuni\u0119cia wady albo zamiast<br>wymiany Produktu \u017c\u0105da\u0107 usuni\u0119cia wady, chyba \u017ce doprowadzenie rzeczy do zgodno\u015bci z<br>umow\u0105 w spos\u00f3b wybrany przez Klienta jest niemo\u017cliwe albo wymaga\u0142oby nadmiernych<br>koszt\u00f3w w por\u00f3wnaniu ze sposobem proponowanym przez Sprzedawc\u0119. Przy ocenie<br>nadmierno\u015bci koszt\u00f3w uwzgl\u0119dnia si\u0119 warto\u015b\u0107 rzeczy wolnej od wad, rodzaj i znaczenie<br>stwierdzonej wady, a tak\u017ce bierze si\u0119 pod uwag\u0119 niedogodno\u015bci, na jakie nara\u017ca\u0142by Klienta<br>inny spos\u00f3b zaspokojenia.<\/li><li>Je\u017celi przepisy odr\u0119bne nie stanowi\u0105 inaczej, przedsi\u0119biorca jest obowi\u0105zany udzieli\u0107<br>odpowiedzi na reklamacj\u0119 konsumenta w terminie 14 dni od dnia jej otrzymania.&nbsp;Je\u017celi<br>przedsi\u0119biorca nie udzieli\u0142 odpowiedzi na reklamacj\u0119 w terminie, o kt\u00f3rym mowa<br>wy\u017cej,&nbsp;uwa\u017ca si\u0119, \u017ce uzna\u0142 reklamacj\u0119.&nbsp;Odpowied\u017a na reklamacj\u0119 przedsi\u0119biorca przekazuje<br>konsumentowi&nbsp;na papierze lub innym trwa\u0142ym no\u015bniku.<\/li><li>W przypadku nierozpatrzenia zg\u0142oszenia w&nbsp;zakre\u015blonym terminie, nale\u017cy uzna\u0107 je za<br>uwzgl\u0119dnione przez W\u0142a\u015bciciela Clubu. Roszczenie dotycz\u0105ce odst\u0105pienia od umowy,<br>w&nbsp;przypadku jego nierozpatrzenia w terminie, nie jest r\u00f3wnoznaczne z uznaniem z\u0142o\u017conej<br>reklamacji.<\/li><\/ol>\n\n\n\n<p>\u00a75 Postanowienia ko\u0144cowe<\/p>\n\n\n\n<ol class=\"wp-block-list\"><li>Je\u015bli obowi\u0105zuj\u0105ce prawo przyznaje Klientom b\u0119d\u0105cym konsumentami korzystniejsze<br>obowi\u0105zkowe i wymagane prawem uregulowania ni\u017c te, kt\u00f3re s\u0105 zawarte w niniejszym<br>Regulaminie, odpowiednie postanowienia Regulaminu s\u0105 bezpo\u015brednio zast\u0119powane przez<br>konkretne normy obowi\u0105zuj\u0105cego prawa i tym samym s\u0105 wi\u0105\u017c\u0105ce dla w\/w w\u0142a\u015bciciela.<\/li><li>Pa\u0144stwa dane b\u0119d\u0105 przetwarzane w spos\u00f3b zautomatyzowany w tym r\u00f3wnie\u017c w formie<br>profilowania.<\/li><li>W pozosta\u0142ych kwestiach nieuregulowanych zapisami niniejszego Regulaminu maj\u0105<br>zastosowanie odpowiednie przepisy prawa polskiego.<\/li><li>Zmieniony Regulamin wi\u0105\u017ce Klient\u00f3w je\u017celi zosta\u0142y zachowane wymagania okre\u015blone w<br>art. 384 Kodeksu cywilnego (tj. Klient zosta\u0142 prawid\u0142owo powiadomiony o zmianach).<\/li><li>W\u0142a\u015bciciel Clubu zastrzega sobie prawo do dokonywania zmian Regulaminu z wa\u017cnych<br>przyczyn to jest:<br>a) zmiany przepis\u00f3w prawa;<br>b) zmiany sposob\u00f3w p\u0142atno\u015bci i dostaw;<br>c) zmiana kursu walut,<br>d) zmiany sposobu \u015bwiadczenia us\u0142ug drog\u0105 elektroniczn\u0105 obj\u0119tym regulaminem,<br>e) zmiany danych W\u0142a\u015bciciela Clubu, w tym adresu poczty elektronicznej, numeru<br>telefonu.<\/li><li>Zmiany regulaminu nie maj\u0105 wp\u0142ywu na z\u0142o\u017cone i realizowane ju\u017c zam\u00f3wienia, do nich<br>zastosowanie ma regulamin obowi\u0105zuj\u0105cym w chwili z\u0142o\u017cenia zam\u00f3wienia. W\u0142a\u015bciciel<br>Clubu o zamierzonej zmianie informuje na stronie sklepu co najmniej na 30 dni wcze\u015bniej.<br>W przypadku braku akceptacji zmienionego regulaminu Us\u0142ugobiorcy mog\u0105 w terminie 30<br>dni od dnia otrzymania wiadomo\u015bci wypowiedzie\u0107 umow\u0119 ze skutkiem natychmiastowym.<\/li><li>Spory powsta\u0142e w wyniku \u015bwiadczenia us\u0142ug na podstawie niniejszego Regulaminu zostan\u0105<br>poddane pod rozstrzygni\u0119cie S\u0105dowi Powszechnemu wed\u0142ug wyboru Klienta b\u0119d\u0105cego<br>jednocze\u015bnie konsumentem, zgodnie z w\u0142a\u015bciwymi przepisami prawa polskiego.<\/li><li>Za\u0142\u0105czniki do Regulaminu stanowi\u0105 jego integraln\u0105 cz\u0119\u015b\u0107.<\/li><li>Umowa sprzeda\u017cy zawierana jest w j\u0119zyku polskim, o tre\u015bci zgodnej z Regulaminem.<\/li><li>Regulamin wchodzi w \u017cycie z dniem 01.01.2022<br>Nota o prawach autorskich do Regulaminu Sprzeda\u017cy Towar\u00f3w i Us\u0142ug Clubu<br>W\u0142a\u015bcicielem wszystkich materialnych praw autorskich do wzorca niniejszego Regulaminu<br>Sprzeda\u017cy jest Kancelaria Prawna LEGATO, kt\u00f3ra udzieli\u0142a niniejszemu sklepowi niewy\u0142\u0105cznego i<br>niezbywalnego prawa do wykorzystywania tego Regulaminu Sprzeda\u017cy do cel\u00f3w zwi\u0105zanych z<br>w\u0142asn\u0105 dzia\u0142alno\u015bci\u0105 handlow\u0105 w Internecie oraz rozci\u0105ga ochron\u0119 prawn\u0105 na w\/w dokument na<br>czas trwania umowy. Kopiowanie oraz rozpowszechnianie wzorca niniejszego Regulaminu<br>Sprzeda\u017cy bez zgody Kancelarii Prawnej LEGATO jest zabronione i mo\u017ce podlega\u0107<br>odpowiedzialno\u015bci zar\u00f3wno karnej jak i cywilnej. Sprzedawcy internetowi mog\u0105 dowiedzie\u0107 si\u0119<br>wi\u0119cej o mo\u017cliwo\u015bci korzystania z wzorca Regulaminu Sprzeda\u017cy na stronie http:\/\/www.kancelaria-legato.pl<\/li><\/ol>\n","protected":false},"excerpt":{"rendered":"<p>Regulamin Fitness Club i si\u0142ownia (dalej Club) \u00a71 Postanowienia og\u00f3lne W\u0142a\u015bciciel Clubu o\u015bwiadcza, \u017ce przestrzega wszelkich wymaganych zasad ochrony danychosobowych Klient\u00f3w. Klient wyra\u017ca zgod\u0119 na gromadzenie, przechowywanie iprzetwarzanie przez W\u0142a\u015bciciela danych osobowych wy\u0142\u0105cznie w celu bezpo\u015bredniozwi\u0105zanym z realizacj\u0105 zam\u00f3wionej Us\u0142ugi\/Towaru. Szczeg\u00f3\u0142owe warunki gromadzenia,przetwarzania oraz ochrony danych osobowych przez W\u0142a\u015bciciela Clubu okre\u015blone zosta\u0142yw \u201ePolityce prywatno\u015bci\u201d. Fitness [&hellip;]<\/p>\n","protected":false},"author":1,"featured_media":0,"parent":0,"menu_order":0,"comment_status":"closed","ping_status":"closed","template":"","meta":{"footnotes":""},"class_list":["post-180","page","type-page","status-publish","hentry"],"_links":{"self":[{"href":"https:\/\/elitagym.pl\/index.php\/wp-json\/wp\/v2\/pages\/180","targetHints":{"allow":["GET"]}}],"collection":[{"href":"https:\/\/elitagym.pl\/index.php\/wp-json\/wp\/v2\/pages"}],"about":[{"href":"https:\/\/elitagym.pl\/index.php\/wp-json\/wp\/v2\/types\/page"}],"author":[{"embeddable":true,"href":"https:\/\/elitagym.pl\/index.php\/wp-json\/wp\/v2\/users\/1"}],"replies":[{"embeddable":true,"href":"https:\/\/elitagym.pl\/index.php\/wp-json\/wp\/v2\/comments?post=180"}],"version-history":[{"count":2,"href":"https:\/\/elitagym.pl\/index.php\/wp-json\/wp\/v2\/pages\/180\/revisions"}],"predecessor-version":[{"id":182,"href":"https:\/\/elitagym.pl\/index.php\/wp-json\/wp\/v2\/pages\/180\/revisions\/182"}],"wp:attachment":[{"href":"https:\/\/elitagym.pl\/index.php\/wp-json\/wp\/v2\/media?parent=180"}],"curies":[{"name":"wp","href":"https:\/\/api.w.org\/{rel}","templated":true}]}}